{"id":75,"date":"2025-11-08T14:18:07","date_gmt":"2025-11-08T17:18:07","guid":{"rendered":"https:\/\/ecodecoracao.com\/?page_id=75"},"modified":"2025-11-08T14:18:07","modified_gmt":"2025-11-08T17:18:07","slug":"politica-de-cookies","status":"publish","type":"page","link":"https:\/\/ecodecoracao.com\/en\/politica-de-cookies\/","title":{"rendered":"Cookie Policy"},"content":{"rendered":"<h3 class=\"wp-block-heading\"><strong>Cookie Policy - EcoDecora\u00e7\u00e3o<\/strong><\/h3>\n\n\n\n<p>O <strong>EcoDecoration<\/strong> uses cookies to ensure that you have the best possible experience on our site and to understand how our visitors interact with the content.<\/p>\n\n\n\n<hr class=\"wp-block-separator has-alpha-channel-opacity\"\/>\n\n\n\n<h3 class=\"wp-block-heading\"><strong>What cookies are<\/strong><\/h3>\n\n\n\n<p>Cookies are small text files stored on your device when you visit a website.<br>They help the site recognize your browser and remember information such as preferences and pages visited.<\/p>\n\n\n\n<hr class=\"wp-block-separator has-alpha-channel-opacity\"\/>\n\n\n\n<h3 class=\"wp-block-heading\"><strong>How we use cookies<\/strong><\/h3>\n\n\n\n<p>We use cookies to:<\/p>\n\n\n\n<ul class=\"wp-block-list\">\n<li>Analyze site traffic and performance (via Google Analytics);<\/li>\n\n\n\n<li>Display personalized ads (via Google AdSense);<\/li>\n\n\n\n<li>Improve navigation and page loading speed.<\/li>\n<\/ul>\n\n\n\n<p>These cookies do not store sensitive personal information.<\/p>\n\n\n\n<hr class=\"wp-block-separator has-alpha-channel-opacity\"\/>\n\n\n\n<h3 class=\"wp-block-heading\"><strong>Third-party cookies<\/strong><\/h3>\n\n\n\n<p>Partners such as <strong>Google<\/strong> may use cookies to display advertisements based on your previous visits to this and other sites.<br>You can choose to disable the use of personalized advertising cookies in the<br><a href=\"https:\/\/adssettings.google.com\/\" target=\"_blank\" rel=\"noopener\">Google Ads Settings<\/a>.<\/p>\n\n\n\n<hr class=\"wp-block-separator has-alpha-channel-opacity\"\/>\n\n\n\n<h3 class=\"wp-block-heading\"><strong>How to manage cookies<\/strong><\/h3>\n\n\n\n<p>You can accept, refuse or delete cookies directly in your browser settings.<br>However, if you disable cookies, some parts of the site may not work properly.<\/p>\n\n\n\n<hr class=\"wp-block-separator has-alpha-channel-opacity\"\/>\n\n\n\n<blockquote class=\"wp-block-quote is-layout-flow wp-block-quote-is-layout-flow\">\n<p><strong>Last updated:<\/strong> November 2025<\/p>\n<\/blockquote>","protected":false},"excerpt":{"rendered":"<p>Pol\u00edtica de Cookies \u2013 EcoDecora\u00e7\u00e3o O EcoDecora\u00e7\u00e3o utiliza cookies para garantir que voc\u00ea tenha a melhor experi\u00eancia poss\u00edvel em nosso [&hellip;]<\/p>","protected":false},"author":1,"featured_media":0,"parent":0,"menu_order":0,"comment_status":"closed","ping_status":"closed","template":"","meta":{"site-sidebar-layout":"default","site-content-layout":"","ast-site-content-layout":"default","site-content-style":"default","site-sidebar-style":"default","ast-global-header-display":"","ast-banner-title-visibility":"","ast-main-header-display":"","ast-hfb-above-header-display":"","ast-hfb-below-header-display":"","ast-hfb-mobile-header-display":"","site-post-title":"","ast-breadcrumbs-content":"","ast-featured-img":"","footer-sml-layout":"","theme-transparent-header-meta":"","adv-header-id-meta":"","stick-header-meta":"","header-above-stick-meta":"","header-main-stick-meta":"","header-below-stick-meta":"","astra-migrate-meta-layouts":"default","ast-page-background-enabled":"default","ast-page-background-meta":{"desktop":{"background-color":"var(--ast-global-color-5)","background-image":"","background-repeat":"repeat","background-position":"center center","background-size":"auto","background-attachment":"scroll","background-type":"","background-media":"","overlay-type":"","overlay-color":"","overlay-opacity":"","overlay-gradient":""},"tablet":{"background-color":"","background-image":"","background-repeat":"repeat","background-position":"center center","background-size":"auto","background-attachment":"scroll","background-type":"","background-media":"","overlay-type":"","overlay-color":"","overlay-opacity":"","overlay-gradient":""},"mobile":{"background-color":"","background-image":"","background-repeat":"repeat","background-position":"center center","background-size":"auto","background-attachment":"scroll","background-type":"","background-media":"","overlay-type":"","overlay-color":"","overlay-opacity":"","overlay-gradient":""}},"ast-content-background-meta":{"desktop":{"background-color":"var(--ast-global-color-4)","background-image":"","background-repeat":"repeat","background-position":"center center","background-size":"auto","background-attachment":"scroll","background-type":"","background-media":"","overlay-type":"","overlay-color":"","overlay-opacity":"","overlay-gradient":""},"tablet":{"background-color":"var(--ast-global-color-4)","background-image":"","background-repeat":"repeat","background-position":"center center","background-size":"auto","background-attachment":"scroll","background-type":"","background-media":"","overlay-type":"","overlay-color":"","overlay-opacity":"","overlay-gradient":""},"mobile":{"background-color":"var(--ast-global-color-4)","background-image":"","background-repeat":"repeat","background-position":"center center","background-size":"auto","background-attachment":"scroll","background-type":"","background-media":"","overlay-type":"","overlay-color":"","overlay-opacity":"","overlay-gradient":""}},"footnotes":""},"class_list":["post-75","page","type-page","status-publish","hentry"],"jetpack_sharing_enabled":true,"_links":{"self":[{"href":"https:\/\/ecodecoracao.com\/en\/wp-json\/wp\/v2\/pages\/75","targetHints":{"allow":["GET"]}}],"collection":[{"href":"https:\/\/ecodecoracao.com\/en\/wp-json\/wp\/v2\/pages"}],"about":[{"href":"https:\/\/ecodecoracao.com\/en\/wp-json\/wp\/v2\/types\/page"}],"author":[{"embeddable":true,"href":"https:\/\/ecodecoracao.com\/en\/wp-json\/wp\/v2\/users\/1"}],"replies":[{"embeddable":true,"href":"https:\/\/ecodecoracao.com\/en\/wp-json\/wp\/v2\/comments?post=75"}],"version-history":[{"count":1,"href":"https:\/\/ecodecoracao.com\/en\/wp-json\/wp\/v2\/pages\/75\/revisions"}],"predecessor-version":[{"id":76,"href":"https:\/\/ecodecoracao.com\/en\/wp-json\/wp\/v2\/pages\/75\/revisions\/76"}],"wp:attachment":[{"href":"https:\/\/ecodecoracao.com\/en\/wp-json\/wp\/v2\/media?parent=75"}],"curies":[{"name":"wp","href":"https:\/\/api.w.org\/{rel}","templated":true}]}}